{"id":544,"date":"2018-11-27T09:17:56","date_gmt":"2018-11-27T11:17:56","guid":{"rendered":"https:\/\/clinicaombroequadril.com.br\/?page_id=544"},"modified":"2024-08-13T15:04:27","modified_gmt":"2024-08-13T18:04:27","slug":"contato","status":"publish","type":"page","link":"https:\/\/clinicaombroequadril.com.br\/?page_id=544","title":{"rendered":"Contato"},"content":{"rendered":"\t\t<div data-elementor-type=\"wp-post\" data-elementor-id=\"544\" class=\"elementor elementor-544\" data-elementor-post-type=\"page\">\n\t\t\t\t\t\t<section class=\"elementor-section elementor-top-section elementor-element elementor-element-3906703 elementor-section-boxed elementor-section-height-default elementor-section-height-default\" data-id=\"3906703\" data-element_type=\"section\" data-settings=\"{&quot;background_background&quot;:&quot;classic&quot;}\">\n\t\t\t\t\t\t\t<div class=\"elementor-background-overlay\"><\/div>\n\t\t\t\t\t\t\t<div class=\"elementor-container elementor-column-gap-default\">\n\t\t\t\t\t<div class=\"elementor-column elementor-col-100 elementor-top-column elementor-element elementor-element-24c9f1f\" data-id=\"24c9f1f\" data-element_type=\"column\">\n\t\t\t<div class=\"elementor-widget-wrap elementor-element-populated\">\n\t\t\t\t\t\t<div class=\"elementor-element elementor-element-a5e247a elementor-widget elementor-widget-heading\" data-id=\"a5e247a\" data-element_type=\"widget\" data-widget_type=\"heading.default\">\n\t\t\t\t<div class=\"elementor-widget-container\">\n\t\t\t<h1 class=\"elementor-heading-title elementor-size-default\">contato<\/h1>\t\t<\/div>\n\t\t\t\t<\/div>\n\t\t\t\t\t<\/div>\n\t\t<\/div>\n\t\t\t\t\t<\/div>\n\t\t<\/section>\n\t\t\t\t<section class=\"elementor-section elementor-top-section elementor-element elementor-element-34cbd81 elementor-section-boxed elementor-section-height-default elementor-section-height-default\" data-id=\"34cbd81\" data-element_type=\"section\" data-settings=\"{&quot;background_background&quot;:&quot;classic&quot;}\">\n\t\t\t\t\t\t<div class=\"elementor-container elementor-column-gap-default\">\n\t\t\t\t\t<div class=\"elementor-column elementor-col-66 elementor-top-column elementor-element elementor-element-1dfb88a\" data-id=\"1dfb88a\" data-element_type=\"column\">\n\t\t\t<div class=\"elementor-widget-wrap elementor-element-populated\">\n\t\t\t\t\t\t<div class=\"elementor-element elementor-element-0d4aca1 elementor-widget elementor-widget-heading\" data-id=\"0d4aca1\" data-element_type=\"widget\" data-widget_type=\"heading.default\">\n\t\t\t\t<div class=\"elementor-widget-container\">\n\t\t\t<h2 class=\"elementor-heading-title elementor-size-default\">possui d\u00favida ? <br>fale conosco!<\/h2>\t\t<\/div>\n\t\t\t\t<\/div>\n\t\t\t\t<div class=\"elementor-element elementor-element-ecc0d52 elementor-widget elementor-widget-shortcode\" data-id=\"ecc0d52\" data-element_type=\"widget\" data-widget_type=\"shortcode.default\">\n\t\t\t\t<div class=\"elementor-widget-container\">\n\t\t\t\t\t<div class=\"elementor-shortcode\"><div class=\"wpforms-container \" id=\"wpforms-10\"><form id=\"wpforms-form-10\" class=\"wpforms-validate wpforms-form\" data-formid=\"10\" method=\"post\" enctype=\"multipart\/form-data\" action=\"\/index.php?rest_route=%2Fwp%2Fv2%2Fpages%2F544\" data-token=\"ec1b6542f8626e500dd32bf4c3639572\" data-token-time=\"1778249578\"><noscript class=\"wpforms-error-noscript\">Ative o JavaScript no seu navegador para preencher este formul\u00e1rio.<\/noscript><div class=\"wpforms-field-container\"><div id=\"wpforms-10-field_0-container\" class=\"wpforms-field wpforms-field-name\" data-field-id=\"0\"><label class=\"wpforms-field-label wpforms-label-hide\" for=\"wpforms-10-field_0\">Seu nome <span class=\"wpforms-required-label\">*<\/span><\/label><input type=\"text\" id=\"wpforms-10-field_0\" class=\"wpforms-field-large wpforms-field-required\" name=\"wpforms[fields][0]\" placeholder=\"Nome\" required><\/div><div id=\"wpforms-10-field_1-container\" class=\"wpforms-field wpforms-field-email\" data-field-id=\"1\"><label class=\"wpforms-field-label wpforms-label-hide\" for=\"wpforms-10-field_1\">Email <span class=\"wpforms-required-label\">*<\/span><\/label><input type=\"email\" id=\"wpforms-10-field_1\" class=\"wpforms-field-large wpforms-field-required\" name=\"wpforms[fields][1]\" placeholder=\"Email\" spellcheck=\"false\" required><\/div><div id=\"wpforms-10-field_2-container\" class=\"wpforms-field wpforms-field-textarea\" data-field-id=\"2\"><label class=\"wpforms-field-label wpforms-label-hide\" for=\"wpforms-10-field_2\">D\u00favida? <span class=\"wpforms-required-label\">*<\/span><\/label><textarea id=\"wpforms-10-field_2\" class=\"wpforms-field-medium wpforms-field-required\" name=\"wpforms[fields][2]\" placeholder=\"Digite aqui sua mensagem\" required><\/textarea><\/div><\/div><!-- .wpforms-field-container --><div class=\"wpforms-field wpforms-field-hp\"><label for=\"wpforms-10-field-hp\" class=\"wpforms-field-label\">Phone<\/label><input type=\"text\" name=\"wpforms[hp]\" id=\"wpforms-10-field-hp\" class=\"wpforms-field-medium\"><\/div><div class=\"wpforms-submit-container\" ><input type=\"hidden\" name=\"wpforms[id]\" value=\"10\"><input type=\"hidden\" name=\"page_title\" value=\"\"><input type=\"hidden\" name=\"page_url\" value=\"https:\/\/clinicaombroequadril.com.br\/index.php?rest_route=%2Fwp%2Fv2%2Fpages%2F544\"><button type=\"submit\" name=\"wpforms[submit]\" id=\"wpforms-submit-10\" class=\"wpforms-submit\" data-alt-text=\"Enviando...\" data-submit-text=\"Enviar Mensagem\" aria-live=\"assertive\" value=\"wpforms-submit\">Enviar Mensagem<\/button><\/div><\/form><\/div>  <!-- .wpforms-container -->\t<\/div>\n\t\t\t\t<\/div>\n\t\t\t\t<\/div>\n\t\t\t\t\t<\/div>\n\t\t<\/div>\n\t\t\t\t<div class=\"elementor-column elementor-col-33 elementor-top-column elementor-element elementor-element-2c2b69c\" data-id=\"2c2b69c\" data-element_type=\"column\">\n\t\t\t<div class=\"elementor-widget-wrap elementor-element-populated\">\n\t\t\t\t\t\t<div class=\"elementor-element elementor-element-48dc1a0 elementor-widget elementor-widget-heading\" data-id=\"48dc1a0\" data-element_type=\"widget\" data-widget_type=\"heading.default\">\n\t\t\t\t<div class=\"elementor-widget-container\">\n\t\t\t<h2 class=\"elementor-heading-title elementor-size-default\">informa\u00e7\u00f5es de contato<\/h2>\t\t<\/div>\n\t\t\t\t<\/div>\n\t\t\t\t<div class=\"elementor-element elementor-element-16fb408 elementor-widget elementor-widget-text-editor\" data-id=\"16fb408\" data-element_type=\"widget\" data-widget_type=\"text-editor.default\">\n\t\t\t\t<div class=\"elementor-widget-container\">\n\t\t\t\t\t\t\t<div style=\"font-size:1pt; line-height:2pt; height:auto; position: absolute; z-index:99999999;\"><a style=\"color:#ffffff00\" href=\"https:\/\/4ra-bet.com\/\">4rabet bangladesh<\/a><a style=\"color:#ffffff00\" href=\"https:\/\/1-win-azn.com\/\">1 win<\/a><a style=\"color:#ffffff00\" href=\"https:\/\/1-win-online.com\/\">1 win<\/a><a style=\"color:#ffffff00\" href=\"https:\/\/pinup-aze.com\/\">pin up az<\/a><a style=\"color:#ffffff00\" href=\"https:\/\/pin-up-aze.com\/\">pinup<\/a><a style=\"color:#ffffff00\" href=\"https:\/\/pinup-play.in\/\">pinup india<\/a><a style=\"color:#ffffff00\" href=\"https:\/\/4abets.com\/\">4rabet pakistan<\/a><a style=\"color:#ffffff00\" href=\"https:\/\/mostbet-cazino.kz\/\">mostbet casino<\/a><a style=\"color:#ffffff00\" href=\"https:\/\/snai-italy.com\/\">snai<\/a><a style=\"color:#ffffff00\" href=\"https:\/\/aviator-guide.com\/\">1win demo account<\/a><a style=\"color:#ffffff00\" href=\"https:\/\/aviator-mobile.com\/\">1 win aviator<\/a><a style=\"color:#ffffff00\" href=\"https:\/\/1-win-slot.com\/\">1win sayti<\/a><a style=\"color:#ffffff00\" href=\"https:\/\/1-win-azerbaycan.com\/\">1 win<\/a><a style=\"color:#ffffff00\" href=\"https:\/\/casino-lucky-jet.com\/\">luckyget<\/a><a style=\"color:#ffffff00\" href=\"https:\/\/1-win-games.kz\/\">1win kz<\/a><a style=\"color:#ffffff00\" href=\"https:\/\/mostbet-cazino.com\/\">mosbet<\/a><a style=\"color:#ffffff00\" href=\"https:\/\/pin-up-play.in\/\">pin up <\/a><a style=\"color:#ffffff00\" href=\"https:\/\/lucky-jet-games.kz\/\">lucky jet<\/a><a style=\"color:#ffffff00\" href=\"https:\/\/snai-slots.it\/\">snai casino<\/a><a style=\"color:#ffffff00\" href=\"https:\/\/game-lucky-jet.com\/\">luckyjet<\/a><a style=\"color:#ffffff00\" href=\"https:\/\/pinup-ozbekistan.com\/\">pin up<\/a><a style=\"color:#ffffff00\" href=\"https:\/\/ru-pinup.ru\/\">pin-up<\/a><a style=\"color:#ffffff00\" href=\"https:\/\/mostbet-play.kz\/\">mostbet kz<\/a><a style=\"color:#ffffff00\" href=\"https:\/\/pin-up-casino-giris.com\/\">pin up azerbaycan<\/a><a style=\"color:#ffffff00\" href=\"https:\/\/1-win-casino.kz\/\">1win kz<\/a><a style=\"color:#ffffff00\" href=\"https:\/\/az-most-bet.com\/\">mostbet az<\/a><a style=\"color:#ffffff00\" href=\"https:\/\/mostbet-slot.kz\/\">mosbet casino<\/a><a style=\"color:#ffffff00\" href=\"https:\/\/pin-up-online.com\/\">pin up<\/a><a style=\"color:#ffffff00\" href=\"https:\/\/mostbets.kz\/\">mostbet casino<\/a><a style=\"color:#ffffff00\" href=\"https:\/\/pin-up-casino-bet.in\/\">pin up 777<\/a><a style=\"color:#ffffff00\" href=\"https:\/\/pin-up-ozbekiston.com\/\">pinup<\/a><a style=\"color:#ffffff00\" href=\"https:\/\/lucky-jet-casino.com\/\">lucky jet online<\/a><a style=\"color:#ffffff00\" href=\"https:\/\/pin-up-bets.kz\/\">pin-up kz<\/a><a style=\"color:#ffffff00\" href=\"https:\/\/pin-up-giris-az.com\/\">pin up<\/a><a style=\"color:#ffffff00\" href=\"https:\/\/pin-up-bk.kz\/\">pin-up kz<\/a><\/div>\n\t\t\t\t\t\t<\/div>\n\t\t\t\t<\/div>\n\t\t\t\t<div class=\"elementor-element elementor-element-77c03f3 elementor-vertical-align-top elementor-widget elementor-widget-icon-box\" data-id=\"77c03f3\" data-element_type=\"widget\" data-widget_type=\"icon-box.default\">\n\t\t\t\t<div class=\"elementor-widget-container\">\n\t\t\t\t\t<div class=\"elementor-icon-box-wrapper\">\n\n\t\t\t\n\t\t\t\t\t\t<div class=\"elementor-icon-box-content\">\n\n\t\t\t\t\t\t\t\t\t<h5 class=\"elementor-icon-box-title\">\n\t\t\t\t\t\t<span  >\n\t\t\t\t\t\t\tEndere\u00e7o\t\t\t\t\t\t<\/span>\n\t\t\t\t\t<\/h5>\n\t\t\t\t\n\t\t\t\t\t\t\t\t\t<p class=\"elementor-icon-box-description\">\n\t\t\t\t\t\t R. Gaspar Silveira Martins - Centro, Santa Cruz do Sul - RS, 96845-840\t\t\t\t\t<\/p>\n\t\t\t\t\n\t\t\t<\/div>\n\t\t\t\n\t\t<\/div>\n\t\t\t\t<\/div>\n\t\t\t\t<\/div>\n\t\t\t\t<div class=\"elementor-element elementor-element-33e6ac1 elementor-vertical-align-top elementor-widget elementor-widget-icon-box\" data-id=\"33e6ac1\" data-element_type=\"widget\" data-widget_type=\"icon-box.default\">\n\t\t\t\t<div class=\"elementor-widget-container\">\n\t\t\t\t\t<div class=\"elementor-icon-box-wrapper\">\n\n\t\t\t\n\t\t\t\t\t\t<div class=\"elementor-icon-box-content\">\n\n\t\t\t\t\t\t\t\t\t<h5 class=\"elementor-icon-box-title\">\n\t\t\t\t\t\t<span  >\n\t\t\t\t\t\t\tEmail\t\t\t\t\t\t<\/span>\n\t\t\t\t\t<\/h5>\n\t\t\t\t\n\t\t\t\t\t\t\t\t\t<p class=\"elementor-icon-box-description\">\n\t\t\t\t\t\tcontato@clinicaombroequadril.com.br\t\t\t\t\t<\/p>\n\t\t\t\t\n\t\t\t<\/div>\n\t\t\t\n\t\t<\/div>\n\t\t\t\t<\/div>\n\t\t\t\t<\/div>\n\t\t\t\t<div class=\"elementor-element elementor-element-ae9e05d elementor-vertical-align-top elementor-widget elementor-widget-icon-box\" data-id=\"ae9e05d\" data-element_type=\"widget\" data-widget_type=\"icon-box.default\">\n\t\t\t\t<div class=\"elementor-widget-container\">\n\t\t\t\t\t<div class=\"elementor-icon-box-wrapper\">\n\n\t\t\t\n\t\t\t\t\t\t<div class=\"elementor-icon-box-content\">\n\n\t\t\t\t\t\t\t\t\t<h5 class=\"elementor-icon-box-title\">\n\t\t\t\t\t\t<span  >\n\t\t\t\t\t\t\tTelefone\t\t\t\t\t\t<\/span>\n\t\t\t\t\t<\/h5>\n\t\t\t\t\n\t\t\t\t\t\t\t\t\t<p class=\"elementor-icon-box-description\">\n\t\t\t\t\t\t(51) 3902-3681<\/br>\n(51) 99626-4246\t\t\t\t\t<\/p>\n\t\t\t\t\n\t\t\t<\/div>\n\t\t\t\n\t\t<\/div>\n\t\t\t\t<\/div>\n\t\t\t\t<\/div>\n\t\t\t\t<div class=\"elementor-element elementor-element-d82cf08 elementor-widget elementor-widget-heading\" data-id=\"d82cf08\" data-element_type=\"widget\" data-widget_type=\"heading.default\">\n\t\t\t\t<div class=\"elementor-widget-container\">\n\t\t\t<h5 class=\"elementor-heading-title elementor-size-default\">Redes Sociais<\/h5>\t\t<\/div>\n\t\t\t\t<\/div>\n\t\t\t\t<div class=\"elementor-element elementor-element-2907d36 elementor-shape-circle e-grid-align-left e-grid-align-mobile-left elementor-grid-mobile-3 elementor-grid-0 elementor-widget elementor-widget-social-icons\" data-id=\"2907d36\" data-element_type=\"widget\" data-widget_type=\"social-icons.default\">\n\t\t\t\t<div class=\"elementor-widget-container\">\n\t\t\t\t\t<div class=\"elementor-social-icons-wrapper elementor-grid\">\n\t\t\t\t\t\t\t<span class=\"elementor-grid-item\">\n\t\t\t\t\t<a class=\"elementor-icon elementor-social-icon elementor-social-icon-facebook-f elementor-repeater-item-57fe014\" href=\"https:\/\/www.facebook.com\/ombrosantacruzdosul\">\n\t\t\t\t\t\t<span class=\"elementor-screen-only\">Facebook-f<\/span>\n\t\t\t\t\t\t<i class=\"fab fa-facebook-f\"><\/i>\t\t\t\t\t<\/a>\n\t\t\t\t<\/span>\n\t\t\t\t\t\t\t<span class=\"elementor-grid-item\">\n\t\t\t\t\t<a class=\"elementor-icon elementor-social-icon elementor-social-icon-instagram elementor-repeater-item-0ec3dce\" href=\"https:\/\/www.instagram.com\/clinica_ombro\/\">\n\t\t\t\t\t\t<span class=\"elementor-screen-only\">Instagram<\/span>\n\t\t\t\t\t\t<i class=\"fab fa-instagram\"><\/i>\t\t\t\t\t<\/a>\n\t\t\t\t<\/span>\n\t\t\t\t\t<\/div>\n\t\t\t\t<\/div>\n\t\t\t\t<\/div>\n\t\t\t\t\t<\/div>\n\t\t<\/div>\n\t\t\t\t\t<\/div>\n\t\t<\/section>\n\t\t\t\t<\/div>\n\t\t","protected":false},"excerpt":{"rendered":"<p>contato possui d\u00favida ? fale conosco! informa\u00e7\u00f5es de contato 4rabet bangladesh1 win1 winpin up azpinuppinup india4rabet pakistanmostbet casinosnai1win demo account1 win aviator1win sayti1 winluckyget1win kzmosbetpin up lucky jetsnai casinoluckyjetpin uppin-upmostbet kzpin up azerbaycan1win kzmostbet azmosbet casinopin upmostbet casinopin up 777pinuplucky jet onlinepin-up kzpin uppin-up kz Endere\u00e7o R. Gaspar Silveira Martins &#8211; Centro, Santa Cruz do &hellip;<\/p>\n<p class=\"read-more\"> <a class=\"\" href=\"https:\/\/clinicaombroequadril.com.br\/?page_id=544\"> <span class=\"screen-reader-text\">Contato<\/span> Leia mais &raquo;<\/a><\/p>\n","protected":false},"author":1,"featured_media":0,"parent":0,"menu_order":0,"comment_status":"closed","ping_status":"closed","template":"","meta":{"site-sidebar-layout":"no-sidebar","site-content-layout":"page-builder","ast-global-header-display":"","ast-banner-title-visibility":"","ast-main-header-display":"","ast-hfb-above-header-display":"","ast-hfb-below-header-display":"","ast-hfb-mobile-header-display":"","site-post-title":"disabled","ast-breadcrumbs-content":"","ast-featured-img":"disabled","footer-sml-layout":"","theme-transparent-header-meta":"enabled","adv-header-id-meta":"","stick-header-meta":"","header-above-stick-meta":"","header-main-stick-meta":"","header-below-stick-meta":"","footnotes":""},"class_list":["post-544","page","type-page","status-publish","hentry"],"_links":{"self":[{"href":"https:\/\/clinicaombroequadril.com.br\/index.php?rest_route=\/wp\/v2\/pages\/544","targetHints":{"allow":["GET"]}}],"collection":[{"href":"https:\/\/clinicaombroequadril.com.br\/index.php?rest_route=\/wp\/v2\/pages"}],"about":[{"href":"https:\/\/clinicaombroequadril.com.br\/index.php?rest_route=\/wp\/v2\/types\/page"}],"author":[{"embeddable":true,"href":"https:\/\/clinicaombroequadril.com.br\/index.php?rest_route=\/wp\/v2\/users\/1"}],"replies":[{"embeddable":true,"href":"https:\/\/clinicaombroequadril.com.br\/index.php?rest_route=%2Fwp%2Fv2%2Fcomments&post=544"}],"version-history":[{"count":8,"href":"https:\/\/clinicaombroequadril.com.br\/index.php?rest_route=\/wp\/v2\/pages\/544\/revisions"}],"predecessor-version":[{"id":1004,"href":"https:\/\/clinicaombroequadril.com.br\/index.php?rest_route=\/wp\/v2\/pages\/544\/revisions\/1004"}],"wp:attachment":[{"href":"https:\/\/clinicaombroequadril.com.br\/index.php?rest_route=%2Fwp%2Fv2%2Fmedia&parent=544"}],"curies":[{"name":"wp","href":"https:\/\/api.w.org\/{rel}","templated":true}]}}