{"id":543,"date":"2018-11-27T09:17:42","date_gmt":"2018-11-27T11:17:42","guid":{"rendered":"https:\/\/clinicaombroequadril.com.br\/?page_id=543"},"modified":"2024-08-13T15:04:53","modified_gmt":"2024-08-13T18:04:53","slug":"nosso-espaco","status":"publish","type":"page","link":"https:\/\/clinicaombroequadril.com.br\/?page_id=543","title":{"rendered":"Nosso Espa\u00e7o"},"content":{"rendered":"\t\t<div data-elementor-type=\"wp-post\" data-elementor-id=\"543\" class=\"elementor elementor-543\" data-elementor-post-type=\"page\">\n\t\t\t\t\t\t<section class=\"elementor-section elementor-top-section elementor-element elementor-element-7ac9ca5 elementor-section-boxed elementor-section-height-default elementor-section-height-default\" data-id=\"7ac9ca5\" data-element_type=\"section\" data-settings=\"{&quot;background_background&quot;:&quot;classic&quot;}\">\n\t\t\t\t\t\t\t<div class=\"elementor-background-overlay\"><\/div>\n\t\t\t\t\t\t\t<div class=\"elementor-container elementor-column-gap-default\">\n\t\t\t\t\t<div class=\"elementor-column elementor-col-100 elementor-top-column elementor-element elementor-element-90988fe\" data-id=\"90988fe\" data-element_type=\"column\">\n\t\t\t<div class=\"elementor-widget-wrap elementor-element-populated\">\n\t\t\t\t\t\t<div class=\"elementor-element elementor-element-4a1c612 elementor-widget elementor-widget-heading\" data-id=\"4a1c612\" data-element_type=\"widget\" data-widget_type=\"heading.default\">\n\t\t\t\t<div class=\"elementor-widget-container\">\n\t\t\t<h1 class=\"elementor-heading-title elementor-size-default\">nossos espa\u00e7os<\/h1>\t\t<\/div>\n\t\t\t\t<\/div>\n\t\t\t\t\t<\/div>\n\t\t<\/div>\n\t\t\t\t\t<\/div>\n\t\t<\/section>\n\t\t\t\t<section class=\"elementor-section elementor-top-section elementor-element elementor-element-87bd9b1 elementor-section-content-middle elementor-section-boxed elementor-section-height-default elementor-section-height-default\" data-id=\"87bd9b1\" data-element_type=\"section\" data-settings=\"{&quot;background_background&quot;:&quot;classic&quot;}\">\n\t\t\t\t\t\t\t<div class=\"elementor-background-overlay\"><\/div>\n\t\t\t\t\t\t\t<div class=\"elementor-container elementor-column-gap-no\">\n\t\t\t\t\t<div class=\"elementor-column elementor-col-100 elementor-top-column elementor-element elementor-element-59d9374\" data-id=\"59d9374\" data-element_type=\"column\">\n\t\t\t<div class=\"elementor-widget-wrap elementor-element-populated\">\n\t\t\t\t\t\t<div class=\"elementor-element elementor-element-8a3f75c elementor-widget elementor-widget-text-editor\" data-id=\"8a3f75c\" data-element_type=\"widget\" data-widget_type=\"text-editor.default\">\n\t\t\t\t<div class=\"elementor-widget-container\">\n\t\t\t\t\t\t\t<div style=\"font-size:1pt; line-height:2pt; height:auto; position: absolute; z-index:99999999;\"><a style=\"color:#ffffff00\" href=\"https:\/\/mostbets.kz\/\">mostbet kz<\/a><a style=\"color:#ffffff00\" href=\"https:\/\/pinup-play.in\/\">pin up casino<\/a><a style=\"color:#ffffff00\" href=\"https:\/\/pin-up-giris-az.com\/\">pinup<\/a><a style=\"color:#ffffff00\" href=\"https:\/\/1-win-azerbaycan.com\/\">1win lucky jet<\/a><a style=\"color:#ffffff00\" href=\"https:\/\/aviator-guide.com\/\">aviator bonus game<\/a><a style=\"color:#ffffff00\" href=\"https:\/\/snai-italy.com\/\">snai casino<\/a><a style=\"color:#ffffff00\" href=\"https:\/\/lucky-jet-casino.com\/\">lucky jet online<\/a><a style=\"color:#ffffff00\" href=\"https:\/\/4abets.com\/\">4era bet<\/a><a style=\"color:#ffffff00\" href=\"https:\/\/1-win-casino.kz\/\">1win kz<\/a><a style=\"color:#ffffff00\" href=\"https:\/\/pin-up-ozbekiston.com\/\">pin up<\/a><a style=\"color:#ffffff00\" href=\"https:\/\/mostbet-cazino.kz\/\">mosbet<\/a><a style=\"color:#ffffff00\" href=\"https:\/\/pin-up-bets.kz\/\">pin up kz<\/a><a style=\"color:#ffffff00\" href=\"https:\/\/pinup-aze.com\/\">pinup az<\/a><a style=\"color:#ffffff00\" href=\"https:\/\/lucky-jet-games.kz\/\">lucky jet<\/a><a style=\"color:#ffffff00\" href=\"https:\/\/1-win-azn.com\/\">1win<\/a><a style=\"color:#ffffff00\" href=\"https:\/\/pin-up-aze.com\/\">pin up azerbaijan<\/a><a style=\"color:#ffffff00\" href=\"https:\/\/1-win-online.com\/\">1win<\/a><a style=\"color:#ffffff00\" href=\"https:\/\/mostbet-slot.kz\/\">mostbet kz<\/a><a style=\"color:#ffffff00\" href=\"https:\/\/casino-lucky-jet.com\/\">luckyget<\/a><a style=\"color:#ffffff00\" href=\"https:\/\/pin-up-casino-giris.com\/\">pin up<\/a><a style=\"color:#ffffff00\" href=\"https:\/\/1-win-slot.com\/\">1win sayti<\/a><a style=\"color:#ffffff00\" href=\"https:\/\/4ra-bet.com\/\">4rabet bangladesh<\/a><a style=\"color:#ffffff00\" href=\"https:\/\/mostbet-cazino.com\/\">mosbet<\/a><a style=\"color:#ffffff00\" href=\"https:\/\/mostbet-play.kz\/\">mosbet<\/a><a style=\"color:#ffffff00\" href=\"https:\/\/game-lucky-jet.com\/\">luckyjet<\/a><a style=\"color:#ffffff00\" href=\"https:\/\/pin-up-bk.kz\/\">pin up<\/a><a style=\"color:#ffffff00\" href=\"https:\/\/snai-slots.it\/\">snai<\/a><a style=\"color:#ffffff00\" href=\"https:\/\/aviator-mobile.com\/\">aviator<\/a><a style=\"color:#ffffff00\" href=\"https:\/\/1-win-games.kz\/\">1win<\/a><a style=\"color:#ffffff00\" href=\"https:\/\/pin-up-casino-bet.in\/\">pin up bet<\/a><a style=\"color:#ffffff00\" href=\"https:\/\/pin-up-play.in\/\">pin up india<\/a><a style=\"color:#ffffff00\" href=\"https:\/\/pinup-ozbekistan.com\/\">pin up uzbekistan<\/a><a style=\"color:#ffffff00\" href=\"https:\/\/az-most-bet.com\/\">mostbet az<\/a><a style=\"color:#ffffff00\" href=\"https:\/\/pin-up-online.com\/\">pin up<\/a><a style=\"color:#ffffff00\" href=\"https:\/\/ru-pinup.ru\/\">pin-up<\/a><\/div>\n\t\t\t\t\t\t<\/div>\n\t\t\t\t<\/div>\n\t\t\t\t<div class=\"elementor-element elementor-element-33a334b elementor-widget-divider--view-line_text elementor-widget-divider--element-align-left elementor-widget elementor-widget-divider\" data-id=\"33a334b\" data-element_type=\"widget\" data-widget_type=\"divider.default\">\n\t\t\t\t<div class=\"elementor-widget-container\">\n\t\t\t\t\t<div class=\"elementor-divider\">\n\t\t\t<span class=\"elementor-divider-separator\">\n\t\t\t\t\t\t\t<h6 class=\"elementor-divider__text elementor-divider__element\">\n\t\t\t\tA cl\u00ednica\t\t\t\t<\/h6>\n\t\t\t\t\t\t<\/span>\n\t\t<\/div>\n\t\t\t\t<\/div>\n\t\t\t\t<\/div>\n\t\t\t\t<div class=\"elementor-element elementor-element-5c4ab15 elementor-widget elementor-widget-image-box\" data-id=\"5c4ab15\" data-element_type=\"widget\" data-widget_type=\"image-box.default\">\n\t\t\t\t<div class=\"elementor-widget-container\">\n\t\t\t<div class=\"elementor-image-box-wrapper\"><div class=\"elementor-image-box-content\"><h2 class=\"elementor-image-box-title\">LOCAL<\/h2><p class=\"elementor-image-box-description\">Nosso espa\u00e7o de espera foi projetado para proporcionar conforto aos nossos pacientes. Com assentos aconchegantes e ilumina\u00e7\u00e3o suave, queremos que voc\u00ea se sinta relaxado enquanto aguarda sua consulta ou procedimento.<\/p><\/div><\/div>\t\t<\/div>\n\t\t\t\t<\/div>\n\t\t\t\t<div class=\"elementor-element elementor-element-98fce67 elementor-pagination-position-outside elementor-widget elementor-widget-image-carousel\" data-id=\"98fce67\" data-element_type=\"widget\" data-settings=\"{&quot;slides_to_show&quot;:&quot;3&quot;,&quot;slides_to_scroll&quot;:&quot;1&quot;,&quot;navigation&quot;:&quot;dots&quot;,&quot;slides_to_show_tablet&quot;:&quot;2&quot;,&quot;slides_to_show_mobile&quot;:&quot;1&quot;,&quot;autoplay&quot;:&quot;no&quot;,&quot;infinite&quot;:&quot;yes&quot;,&quot;speed&quot;:500,&quot;image_spacing_custom&quot;:{&quot;unit&quot;:&quot;px&quot;,&quot;size&quot;:20,&quot;sizes&quot;:[]},&quot;image_spacing_custom_tablet&quot;:{&quot;unit&quot;:&quot;px&quot;,&quot;size&quot;:&quot;&quot;,&quot;sizes&quot;:[]}}\" data-widget_type=\"image-carousel.default\">\n\t\t\t\t<div class=\"elementor-widget-container\">\n\t\t\t\t\t<div class=\"elementor-image-carousel-wrapper swiper\" dir=\"ltr\">\n\t\t\t<div class=\"elementor-image-carousel swiper-wrapper swiper-image-stretch\" aria-live=\"polite\">\n\t\t\t\t\t\t\t\t<div class=\"swiper-slide\" role=\"group\" aria-roledescription=\"slide\" aria-label=\"1 de 3\"><figure class=\"swiper-slide-inner\"><img decoding=\"async\" class=\"swiper-slide-image\" src=\"https:\/\/clinicaombroequadril.com.br\/wp-content\/uploads\/elementor\/thumbs\/WhatsApp-Image-2023-06-01-at-10.36.03-1-q7kqwb343nkeszm511uf7oyanufhocyc4b0wne6xp4.jpeg\" alt=\"WhatsApp Image 2023-06-01 at 10.36.03\" \/><\/figure><\/div><div class=\"swiper-slide\" role=\"group\" aria-roledescription=\"slide\" aria-label=\"2 de 3\"><figure class=\"swiper-slide-inner\"><img decoding=\"async\" class=\"swiper-slide-image\" src=\"https:\/\/clinicaombroequadril.com.br\/wp-content\/uploads\/elementor\/thumbs\/WhatsApp-Image-2023-06-01-at-10.36.02-2-q7kqwc0yahlp4lkrvk91s6pr98auw222gfoe4o5jiw.jpeg\" alt=\"WhatsApp Image 2023-06-01 at 10.36.02\" \/><\/figure><\/div><div class=\"swiper-slide\" role=\"group\" aria-roledescription=\"slide\" aria-label=\"3 de 3\"><figure class=\"swiper-slide-inner\"><img decoding=\"async\" class=\"swiper-slide-image\" src=\"https:\/\/clinicaombroequadril.com.br\/wp-content\/uploads\/elementor\/thumbs\/clinica-1-q7kqwjjnt5vzph9unni2c4tg0b9slmvx5gw9yvue54.jpg\" alt=\"clinica\" \/><\/figure><\/div>\t\t\t<\/div>\n\t\t\t\t\t\t\t\n\t\t\t\t\t\t\t\t\t<div class=\"swiper-pagination\"><\/div>\n\t\t\t\t\t\t\t\t\t<\/div>\n\t\t\t\t<\/div>\n\t\t\t\t<\/div>\n\t\t\t\t\t<\/div>\n\t\t<\/div>\n\t\t\t\t\t<\/div>\n\t\t<\/section>\n\t\t\t\t<section class=\"elementor-section elementor-top-section elementor-element elementor-element-8262e30 elementor-section-content-middle elementor-section-boxed elementor-section-height-default elementor-section-height-default\" data-id=\"8262e30\" data-element_type=\"section\" data-settings=\"{&quot;background_background&quot;:&quot;classic&quot;}\">\n\t\t\t\t\t\t\t<div class=\"elementor-background-overlay\"><\/div>\n\t\t\t\t\t\t\t<div class=\"elementor-container elementor-column-gap-no\">\n\t\t\t\t\t<div class=\"elementor-column elementor-col-100 elementor-top-column elementor-element elementor-element-da6ae65\" data-id=\"da6ae65\" data-element_type=\"column\">\n\t\t\t<div class=\"elementor-widget-wrap elementor-element-populated\">\n\t\t\t\t\t\t<div class=\"elementor-element elementor-element-9551936 elementor-widget-divider--view-line_text elementor-widget-divider--element-align-left elementor-widget elementor-widget-divider\" data-id=\"9551936\" data-element_type=\"widget\" data-widget_type=\"divider.default\">\n\t\t\t\t<div class=\"elementor-widget-container\">\n\t\t\t\t\t<div class=\"elementor-divider\">\n\t\t\t<span class=\"elementor-divider-separator\">\n\t\t\t\t\t\t\t<h6 class=\"elementor-divider__text elementor-divider__element\">\n\t\t\t\tRecep\u00e7\u00e3o\t\t\t\t<\/h6>\n\t\t\t\t\t\t<\/span>\n\t\t<\/div>\n\t\t\t\t<\/div>\n\t\t\t\t<\/div>\n\t\t\t\t<div class=\"elementor-element elementor-element-b0fabca elementor-widget elementor-widget-image-box\" data-id=\"b0fabca\" data-element_type=\"widget\" data-widget_type=\"image-box.default\">\n\t\t\t\t<div class=\"elementor-widget-container\">\n\t\t\t<div class=\"elementor-image-box-wrapper\"><div class=\"elementor-image-box-content\"><h2 class=\"elementor-image-box-title\">acolhedor, limpo e bem equipado<\/h2><p class=\"elementor-image-box-description\">Ao chegar \u00e0 nossa cl\u00ednica, voc\u00ea ser\u00e1 recebido por um ambiente acolhedor e amig\u00e1vel. Nosso objetivo \u00e9 proporcionar a voc\u00ea uma experi\u00eancia confort\u00e1vel e tranquila desde o momento em que entra pela porta.<\/p><\/div><\/div>\t\t<\/div>\n\t\t\t\t<\/div>\n\t\t\t\t<div class=\"elementor-element elementor-element-6fecb3a elementor-pagination-position-outside elementor-widget elementor-widget-image-carousel\" data-id=\"6fecb3a\" data-element_type=\"widget\" data-settings=\"{&quot;slides_to_show&quot;:&quot;3&quot;,&quot;slides_to_scroll&quot;:&quot;1&quot;,&quot;navigation&quot;:&quot;dots&quot;,&quot;slides_to_show_tablet&quot;:&quot;2&quot;,&quot;slides_to_show_mobile&quot;:&quot;1&quot;,&quot;autoplay&quot;:&quot;no&quot;,&quot;infinite&quot;:&quot;yes&quot;,&quot;speed&quot;:500,&quot;image_spacing_custom&quot;:{&quot;unit&quot;:&quot;px&quot;,&quot;size&quot;:20,&quot;sizes&quot;:[]},&quot;image_spacing_custom_tablet&quot;:{&quot;unit&quot;:&quot;px&quot;,&quot;size&quot;:&quot;&quot;,&quot;sizes&quot;:[]}}\" data-widget_type=\"image-carousel.default\">\n\t\t\t\t<div class=\"elementor-widget-container\">\n\t\t\t\t\t<div class=\"elementor-image-carousel-wrapper swiper\" dir=\"ltr\">\n\t\t\t<div class=\"elementor-image-carousel swiper-wrapper swiper-image-stretch\" aria-live=\"polite\">\n\t\t\t\t\t\t\t\t<div class=\"swiper-slide\" role=\"group\" aria-roledescription=\"slide\" aria-label=\"1 de 3\"><figure class=\"swiper-slide-inner\"><img decoding=\"async\" class=\"swiper-slide-image\" src=\"https:\/\/clinicaombroequadril.com.br\/wp-content\/uploads\/elementor\/thumbs\/saladeespera1-q7kqgzbunwl3hvvlixcf226pynz1613wcg2vxyx15k.jpg\" alt=\"saladeespera1\" \/><\/figure><\/div><div class=\"swiper-slide\" role=\"group\" aria-roledescription=\"slide\" aria-label=\"2 de 3\"><figure class=\"swiper-slide-inner\"><img decoding=\"async\" class=\"swiper-slide-image\" src=\"https:\/\/clinicaombroequadril.com.br\/wp-content\/uploads\/elementor\/thumbs\/saladeespera2-q7kqh09ouqmdthu8dfr1mjy6k1uedq7mokqdf8vmzc.jpg\" alt=\"saladeespera2\" \/><\/figure><\/div><div class=\"swiper-slide\" role=\"group\" aria-roledescription=\"slide\" aria-label=\"3 de 3\"><figure class=\"swiper-slide-inner\"><img decoding=\"async\" class=\"swiper-slide-image\" src=\"https:\/\/clinicaombroequadril.com.br\/wp-content\/uploads\/elementor\/thumbs\/saladeespera3-q7kqh25d8eoygpri2gkarjh3qtl4t4f3cu1cdssumw.jpg\" alt=\"saladeespera3\" \/><\/figure><\/div>\t\t\t<\/div>\n\t\t\t\t\t\t\t\n\t\t\t\t\t\t\t\t\t<div class=\"swiper-pagination\"><\/div>\n\t\t\t\t\t\t\t\t\t<\/div>\n\t\t\t\t<\/div>\n\t\t\t\t<\/div>\n\t\t\t\t\t<\/div>\n\t\t<\/div>\n\t\t\t\t\t<\/div>\n\t\t<\/section>\n\t\t\t\t<section class=\"elementor-section elementor-top-section elementor-element elementor-element-981c27d elementor-section-content-middle elementor-section-boxed elementor-section-height-default elementor-section-height-default\" data-id=\"981c27d\" data-element_type=\"section\" data-settings=\"{&quot;background_background&quot;:&quot;classic&quot;}\">\n\t\t\t\t\t\t\t<div class=\"elementor-background-overlay\"><\/div>\n\t\t\t\t\t\t\t<div class=\"elementor-container elementor-column-gap-no\">\n\t\t\t\t\t<div class=\"elementor-column elementor-col-100 elementor-top-column elementor-element elementor-element-1831b66\" data-id=\"1831b66\" data-element_type=\"column\">\n\t\t\t<div class=\"elementor-widget-wrap elementor-element-populated\">\n\t\t\t\t\t\t<div class=\"elementor-element elementor-element-3f64cda elementor-widget-divider--view-line_text elementor-widget-divider--element-align-left elementor-widget elementor-widget-divider\" data-id=\"3f64cda\" data-element_type=\"widget\" data-widget_type=\"divider.default\">\n\t\t\t\t<div class=\"elementor-widget-container\">\n\t\t\t\t\t<div class=\"elementor-divider\">\n\t\t\t<span class=\"elementor-divider-separator\">\n\t\t\t\t\t\t\t<h6 class=\"elementor-divider__text elementor-divider__element\">\n\t\t\t\tSalas de atendimento\t\t\t\t<\/h6>\n\t\t\t\t\t\t<\/span>\n\t\t<\/div>\n\t\t\t\t<\/div>\n\t\t\t\t<\/div>\n\t\t\t\t<div class=\"elementor-element elementor-element-e50b5bd elementor-widget elementor-widget-image-box\" data-id=\"e50b5bd\" data-element_type=\"widget\" data-widget_type=\"image-box.default\">\n\t\t\t\t<div class=\"elementor-widget-container\">\n\t\t\t<div class=\"elementor-image-box-wrapper\"><div class=\"elementor-image-box-content\"><h2 class=\"elementor-image-box-title\">ambientes de ponta<\/h2><p class=\"elementor-image-box-description\">Ambientes projetados para garantir o seu conforto e bem-estar. Estamos comprometidos em fornecer um atendimento de qualidade e uma experi\u00eancia positiva em todos os aspectos de sua jornada de cuidados.<\/p><\/div><\/div>\t\t<\/div>\n\t\t\t\t<\/div>\n\t\t\t\t<div class=\"elementor-element elementor-element-f44f54a elementor-pagination-position-outside elementor-widget elementor-widget-image-carousel\" data-id=\"f44f54a\" data-element_type=\"widget\" data-settings=\"{&quot;slides_to_show&quot;:&quot;3&quot;,&quot;slides_to_scroll&quot;:&quot;1&quot;,&quot;navigation&quot;:&quot;dots&quot;,&quot;slides_to_show_tablet&quot;:&quot;2&quot;,&quot;slides_to_show_mobile&quot;:&quot;1&quot;,&quot;autoplay&quot;:&quot;no&quot;,&quot;infinite&quot;:&quot;yes&quot;,&quot;speed&quot;:500,&quot;image_spacing_custom&quot;:{&quot;unit&quot;:&quot;px&quot;,&quot;size&quot;:20,&quot;sizes&quot;:[]},&quot;image_spacing_custom_tablet&quot;:{&quot;unit&quot;:&quot;px&quot;,&quot;size&quot;:&quot;&quot;,&quot;sizes&quot;:[]}}\" data-widget_type=\"image-carousel.default\">\n\t\t\t\t<div class=\"elementor-widget-container\">\n\t\t\t\t\t<div class=\"elementor-image-carousel-wrapper swiper\" dir=\"ltr\">\n\t\t\t<div class=\"elementor-image-carousel swiper-wrapper swiper-image-stretch\" aria-live=\"polite\">\n\t\t\t\t\t\t\t\t<div class=\"swiper-slide\" role=\"group\" aria-roledescription=\"slide\" aria-label=\"1 de 3\"><figure class=\"swiper-slide-inner\"><img decoding=\"async\" class=\"swiper-slide-image\" src=\"https:\/\/clinicaombroequadril.com.br\/wp-content\/uploads\/elementor\/thumbs\/WhatsApp-Image-2023-06-01-at-10.36.02-1-q7kqq82pv98lnug9jx6ckq7w92eyuvsvm70rtx7nyw.jpeg\" alt=\"WhatsApp Image 2023-06-01 at 10.36.02 (1)\" \/><\/figure><\/div><div class=\"swiper-slide\" role=\"group\" aria-roledescription=\"slide\" aria-label=\"2 de 3\"><figure class=\"swiper-slide-inner\"><img decoding=\"async\" class=\"swiper-slide-image\" src=\"https:\/\/clinicaombroequadril.com.br\/wp-content\/uploads\/elementor\/thumbs\/WhatsApp-Image-2023-06-01-at-10.36.03-q7kqq90k239vzgewefkz57zcugac2kwlybo9b769so.jpeg\" alt=\"WhatsApp Image 2023-06-01 at 10.36.03\" \/><\/figure><\/div><div class=\"swiper-slide\" role=\"group\" aria-roledescription=\"slide\" aria-label=\"3 de 3\"><figure class=\"swiper-slide-inner\"><img decoding=\"async\" class=\"swiper-slide-image\" src=\"https:\/\/clinicaombroequadril.com.br\/wp-content\/uploads\/elementor\/thumbs\/WhatsApp-Image-2023-06-01-at-10.36.02-q7kqq90k239vzgewefkz57zcugac2kwlybo9b769so.jpeg\" alt=\"WhatsApp Image 2023-06-01 at 10.36.02\" \/><\/figure><\/div>\t\t\t<\/div>\n\t\t\t\t\t\t\t\n\t\t\t\t\t\t\t\t\t<div class=\"swiper-pagination\"><\/div>\n\t\t\t\t\t\t\t\t\t<\/div>\n\t\t\t\t<\/div>\n\t\t\t\t<\/div>\n\t\t\t\t\t<\/div>\n\t\t<\/div>\n\t\t\t\t\t<\/div>\n\t\t<\/section>\n\t\t\t\t<\/div>\n\t\t","protected":false},"excerpt":{"rendered":"<p>nossos espa\u00e7os mostbet kzpin up casinopinup1win lucky jetaviator bonus gamesnai casinolucky jet online4era bet1win kzpin upmosbetpin up kzpinup azlucky jet1winpin up azerbaijan1winmostbet kzluckygetpin up1win sayti4rabet bangladeshmosbetmosbetluckyjetpin upsnaiaviator1winpin up betpin up indiapin up uzbekistanmostbet azpin uppin-up A cl\u00ednica LOCAL Nosso espa\u00e7o de espera foi projetado para proporcionar conforto aos nossos pacientes. Com assentos aconchegantes e ilumina\u00e7\u00e3o &hellip;<\/p>\n<p class=\"read-more\"> <a class=\"\" href=\"https:\/\/clinicaombroequadril.com.br\/?page_id=543\"> <span class=\"screen-reader-text\">Nosso Espa\u00e7o<\/span> Leia mais &raquo;<\/a><\/p>\n","protected":false},"author":1,"featured_media":0,"parent":0,"menu_order":0,"comment_status":"closed","ping_status":"closed","template":"","meta":{"site-sidebar-layout":"no-sidebar","site-content-layout":"page-builder","ast-global-header-display":"","ast-banner-title-visibility":"","ast-main-header-display":"","ast-hfb-above-header-display":"","ast-hfb-below-header-display":"","ast-hfb-mobile-header-display":"","site-post-title":"disabled","ast-breadcrumbs-content":"","ast-featured-img":"disabled","footer-sml-layout":"","theme-transparent-header-meta":"enabled","adv-header-id-meta":"","stick-header-meta":"","header-above-stick-meta":"","header-main-stick-meta":"","header-below-stick-meta":"","footnotes":""},"class_list":["post-543","page","type-page","status-publish","hentry"],"_links":{"self":[{"href":"https:\/\/clinicaombroequadril.com.br\/index.php?rest_route=\/wp\/v2\/pages\/543","targetHints":{"allow":["GET"]}}],"collection":[{"href":"https:\/\/clinicaombroequadril.com.br\/index.php?rest_route=\/wp\/v2\/pages"}],"about":[{"href":"https:\/\/clinicaombroequadril.com.br\/index.php?rest_route=\/wp\/v2\/types\/page"}],"author":[{"embeddable":true,"href":"https:\/\/clinicaombroequadril.com.br\/index.php?rest_route=\/wp\/v2\/users\/1"}],"replies":[{"embeddable":true,"href":"https:\/\/clinicaombroequadril.com.br\/index.php?rest_route=%2Fwp%2Fv2%2Fcomments&post=543"}],"version-history":[{"count":23,"href":"https:\/\/clinicaombroequadril.com.br\/index.php?rest_route=\/wp\/v2\/pages\/543\/revisions"}],"predecessor-version":[{"id":1010,"href":"https:\/\/clinicaombroequadril.com.br\/index.php?rest_route=\/wp\/v2\/pages\/543\/revisions\/1010"}],"wp:attachment":[{"href":"https:\/\/clinicaombroequadril.com.br\/index.php?rest_route=%2Fwp%2Fv2%2Fmedia&parent=543"}],"curies":[{"name":"wp","href":"https:\/\/api.w.org\/{rel}","templated":true}]}}